{"id":14,"date":"2023-12-26T15:20:27","date_gmt":"2023-12-26T19:20:27","guid":{"rendered":"https:\/\/estanciamontana.com.br\/?page_id=14"},"modified":"2023-12-26T21:27:02","modified_gmt":"2023-12-27T01:27:02","slug":"contato","status":"publish","type":"page","link":"https:\/\/estanciamontana.com.br\/index.php\/contato\/","title":{"rendered":"CONTATO"},"content":{"rendered":"\t\t<div data-elementor-type=\"wp-page\" data-elementor-id=\"14\" class=\"elementor elementor-14\">\n\t\t\t\t\t\t\t<div class=\"elementor-element elementor-element-01022c3 e-flex e-con-boxed e-con e-parent\" data-id=\"01022c3\" data-element_type=\"container\" data-settings=\"{&quot;content_width&quot;:&quot;boxed&quot;}\" data-core-v316-plus=\"true\">\n\t\t\t\t\t<div class=\"e-con-inner\">\n\t\t\t\t<div class=\"elementor-element elementor-element-39e6779 elementor-widget elementor-widget-heading\" data-id=\"39e6779\" data-element_type=\"widget\" data-widget_type=\"heading.default\">\n\t\t\t\t<div class=\"elementor-widget-container\">\n\t\t\t<style>\/*! elementor - v3.18.0 - 20-12-2023 *\/\n.elementor-heading-title{padding:0;margin:0;line-height:1}.elementor-widget-heading .elementor-heading-title[class*=elementor-size-]>a{color:inherit;font-size:inherit;line-height:inherit}.elementor-widget-heading .elementor-heading-title.elementor-size-small{font-size:15px}.elementor-widget-heading .elementor-heading-title.elementor-size-medium{font-size:19px}.elementor-widget-heading .elementor-heading-title.elementor-size-large{font-size:29px}.elementor-widget-heading .elementor-heading-title.elementor-size-xl{font-size:39px}.elementor-widget-heading .elementor-heading-title.elementor-size-xxl{font-size:59px}<\/style><h2 class=\"elementor-heading-title elementor-size-small\">Est\u00e2ncia Montana<br>Estrada 10, lote114 - Sitio Santa Maria<p class=\"MsoNoSpacing\">\nSa\u00edda para Tr\u00eas Lagoas, 600 metros em frente ao Aeroporto Municipal Santa Maria<br>\nCampo Grande \u2013 MS<o:p><\/o:p><\/p><p class=\"MsoNoSpacing\">+55 (67)99600.6601<\/p><br><p class=\"MsoNoSpacing\"><a href=\"mailto:antoniomaltez@hotmail.com\" style=\"font-family: var( --e-global-typography-primary-font-family ), Sans-serif; font-weight: var( --e-global-typography-primary-font-weight ); background-color: rgb(255, 255, 255);\"><span style=\"color:#C5A46D;mso-fareast-language:PT-BR\">antoniomaltez@hotmail.com<\/span><\/a><span style=\"color: var( --e-global-color-primary ); font-family: var( --e-global-typography-primary-font-family ), Sans-serif; font-weight: var( --e-global-typography-primary-font-weight );\"><\/span><\/p><\/h2>\t\t<\/div>\n\t\t\t\t<\/div>\n\t\t\t\t\t<\/div>\n\t\t\t\t<\/div>\n\t\t<div class=\"elementor-element elementor-element-c2f147f e-flex e-con-boxed e-con e-parent\" data-id=\"c2f147f\" data-element_type=\"container\" data-settings=\"{&quot;content_width&quot;:&quot;boxed&quot;}\" data-core-v316-plus=\"true\">\n\t\t\t\t\t<div class=\"e-con-inner\">\n\t\t\t\t<div class=\"elementor-element elementor-element-448a7ab elementor-widget elementor-widget-google_maps\" data-id=\"448a7ab\" data-element_type=\"widget\" data-widget_type=\"google_maps.default\">\n\t\t\t\t<div class=\"elementor-widget-container\">\n\t\t\t<style>\/*! elementor - v3.18.0 - 20-12-2023 *\/\n.elementor-widget-google_maps .elementor-widget-container{overflow:hidden}.elementor-widget-google_maps .elementor-custom-embed{line-height:0}.elementor-widget-google_maps iframe{height:300px}<\/style>\t\t<div class=\"elementor-custom-embed\">\n\t\t\t<iframe loading=\"lazy\"\n\t\t\t\t\tsrc=\"https:\/\/maps.google.com\/maps?q=Est%C3%A2ncia%20Montana%20-%20Campo%20Grande%2C%20MS&#038;t=m&#038;z=10&#038;output=embed&#038;iwloc=near\"\n\t\t\t\t\ttitle=\"Est\u00e2ncia Montana - Campo Grande, MS\"\n\t\t\t\t\taria-label=\"Est\u00e2ncia Montana - Campo Grande, MS\"\n\t\t\t><\/iframe>\n\t\t<\/div>\n\t\t\t\t<\/div>\n\t\t\t\t<\/div>\n\t\t\t\t\t<\/div>\n\t\t\t\t<\/div>\n\t\t\t\t\t\t\t<\/div>\n\t\t","protected":false},"excerpt":{"rendered":"<p>Est\u00e2ncia MontanaEstrada 10, lote114 &#8211; Sitio Santa Maria Sa\u00edda para Tr\u00eas Lagoas, 600 metros em frente ao Aeroporto Municipal Santa Maria Campo Grande \u2013 MS +55 (67)99600.6601 antoniomaltez@hotmail.com<\/p>\n","protected":false},"author":1,"featured_media":0,"parent":0,"menu_order":0,"comment_status":"closed","ping_status":"closed","template":"","meta":{"footnotes":""},"_links":{"self":[{"href":"https:\/\/estanciamontana.com.br\/index.php\/wp-json\/wp\/v2\/pages\/14"}],"collection":[{"href":"https:\/\/estanciamontana.com.br\/index.php\/wp-json\/wp\/v2\/pages"}],"about":[{"href":"https:\/\/estanciamontana.com.br\/index.php\/wp-json\/wp\/v2\/types\/page"}],"author":[{"embeddable":true,"href":"https:\/\/estanciamontana.com.br\/index.php\/wp-json\/wp\/v2\/users\/1"}],"replies":[{"embeddable":true,"href":"https:\/\/estanciamontana.com.br\/index.php\/wp-json\/wp\/v2\/comments?post=14"}],"version-history":[{"count":7,"href":"https:\/\/estanciamontana.com.br\/index.php\/wp-json\/wp\/v2\/pages\/14\/revisions"}],"predecessor-version":[{"id":148,"href":"https:\/\/estanciamontana.com.br\/index.php\/wp-json\/wp\/v2\/pages\/14\/revisions\/148"}],"wp:attachment":[{"href":"https:\/\/estanciamontana.com.br\/index.php\/wp-json\/wp\/v2\/media?parent=14"}],"curies":[{"name":"wp","href":"https:\/\/api.w.org\/{rel}","templated":true}]}}